{"id":59,"date":"2022-09-25T22:12:29","date_gmt":"2022-09-25T22:12:29","guid":{"rendered":"http:\/\/iikdd.clubrav4.es\/?page_id=59"},"modified":"2022-09-25T23:01:11","modified_gmt":"2022-09-25T23:01:11","slug":"planing-kdd","status":"publish","type":"page","link":"https:\/\/iikdd.clubrav4.es\/index.php\/planing-kdd\/","title":{"rendered":"Planing KDD"},"content":{"rendered":"\n<h2 class=\"wp-block-heading\">Viernes 7 de Octubre 2022<\/h2>\n\n\n\n<p class=\"has-text-align-center\">Para aquellos que quieran acercarse a la ciudad el d\u00eda antes de la quedada, abriremos un canal de Whatsapp para salir a dar un paseo por la ciudad y tomar unos \u00ab<em>cortos<\/em>\u00bb y sus tapas correspondientes.<\/p>\n\n\n\n<p class=\"has-text-align-center\">Visitaremos el Barrio H\u00famedo, Barrio Rom\u00e1ntico y zona de la Catedral.<\/p>\n\n\n\n<div class=\"wp-block-buttons is-content-justification-center is-layout-flex wp-container-core-buttons-is-layout-16018d1d wp-block-buttons-is-layout-flex\">\n<div class=\"wp-block-button has-custom-width wp-block-button__width-50 has-custom-font-size is-style-fill has-medium-font-size\"><a class=\"wp-block-button__link has-black-color has-text-color has-background\" href=\"https:\/\/chat.whatsapp.com\/F4RF3K6zo6qI5Yj7jjHVFR\" style=\"border-radius:26px;background:radial-gradient(rgb(122,220,180) 0%,rgb(0,208,130) 100%)\" target=\"_blank\" rel=\"noreferrer noopener\">Acceso Whatsapp<\/a><\/div>\n<\/div>\n\n\n\n<hr class=\"wp-block-separator has-alpha-channel-opacity is-style-default\"\/>\n\n\n\n<h2 class=\"wp-block-heading\">S\u00e1bado 8 Octubre 2022<\/h2>\n\n\n\n<div class=\"wp-block-columns is-layout-flex wp-container-core-columns-is-layout-9d6595d7 wp-block-columns-is-layout-flex\">\n<div class=\"wp-block-column is-layout-flow wp-block-column-is-layout-flow\" style=\"flex-basis:33.33%\">\n<iframe src=\"https:\/\/www.google.com\/maps\/embed?pb=!1m18!1m12!1m3!1d733.848371842083!2d-5.588475411842834!3d42.63181748537077!2m3!1f0!2f0!3f0!3m2!1i1024!2i768!4f13.1!3m3!1m2!1s0xd379a3f337a2a6d%3A0xb06575c8afa026bc!2sC.%20Reino%20de%20Le%C3%B3n%2C%206%2C%2024193%20Villaquilambre%2C%20Le%C3%B3n!5e0!3m2!1ses!2ses!4v1664145577556!5m2!1ses!2ses\" width=\"400\" height=\"300\" style=\"border:0;\" allowfullscreen=\"\" loading=\"lazy\" referrerpolicy=\"no-referrer-when-downgrade\"><\/iframe>\n<\/div>\n\n\n\n<div class=\"wp-block-column is-layout-flow wp-block-column-is-layout-flow\" style=\"flex-basis:66.66%\">\n<p><strong>9 a 10.30 <\/strong>Llegada y concentraci\u00f3n de participantes (Parking Hotel Santiago) <\/p>\n\n\n\n<p><em>Nos conoceremos, tomaremos un caf\u00e9, pondremos en com\u00fan experiencias, bricos&#8230;<\/em><\/p>\n<\/div>\n<\/div>\n\n\n\n<div class=\"wp-block-columns is-layout-flex wp-container-core-columns-is-layout-9d6595d7 wp-block-columns-is-layout-flex\">\n<div class=\"wp-block-column is-layout-flow wp-block-column-is-layout-flow\" style=\"flex-basis:33.33%\">\n<iframe loading=\"lazy\" src=\"https:\/\/www.google.com\/maps\/d\/u\/0\/embed?mid=1Oieth-_xixIiGEjp0FpgsD16cslKz2I&#038;ehbc=2E312F\" width=\"300\" height=\"300\"><\/iframe>\n<\/div>\n\n\n\n<div class=\"wp-block-column is-layout-flow wp-block-column-is-layout-flow\" style=\"flex-basis:66.66%\">\n<p><strong>10.30 a 15.00<\/strong> Ruta con paradas para fotos. <\/p>\n\n\n\n<p><em>Haremos una ruta por la provincia de Le\u00f3n, llegando hasta el parking de las Cuevas de Valporquero, donde nos haremos una foto. Tras ello atravesaremos las pintorescas Hoces de Vegacervera camino del restaurante \u00abEzequiel (Villamanin)\u00bb (bajo reserva hasta 02\/10\/2022 en el formulario de inscripci\u00f3n)<\/em>.<\/p>\n\n\n\n<p><strong>17.30 a 20<\/strong> Regreso bordeando pantano de Luna hasta el punto de encuentro en el Hotel Santiago.<\/p>\n\n\n\n<p><strong>20 a 21 <\/strong>Reuni\u00f3n Socios Asociaci\u00f3n (pendiente Orden del d\u00eda).<\/p>\n<\/div>\n<\/div>\n\n\n\n<hr class=\"wp-block-separator has-alpha-channel-opacity\"\/>\n\n\n\n<h2 class=\"wp-block-heading\">Domingo 9 de Octubre 2022<\/h2>\n\n\n\n<p>Entendemos que si vienes de lejos, este d\u00eda sea para realizar la vuelta a tu lugar de origen, pero si quieres disfrutar un poco m\u00e1s de la provincia de Le\u00f3n, hemos preparado una ruta que nos acercar\u00e1 a la hist\u00f3rica ciudad de Astorga, subida al puerto de Foncebad\u00f3n y bajada a Molinaseca, dando por finalizada la KDD en la ciudad de Ponferrada junto a la carretera A6 (quienes deseen comer, buscaremos alg\u00fan lugar para hacerlo durante el recorrido).<\/p>\n\n\n\n<iframe loading=\"lazy\" src=\"https:\/\/www.google.com\/maps\/d\/u\/0\/embed?mid=16ivveTVVO_pEDOJmyvsq5U6eQI3LtfI&#038;ehbc=2E312F\" width=\"800\" height=\"480\"><\/iframe>\n","protected":false},"excerpt":{"rendered":"<p>Viernes 7 de Octubre 2022 Para aquellos que quieran acercarse a la ciudad el d\u00eda antes de la quedada, abriremos un canal de Whatsapp para salir a dar un paseo por la ciudad y tomar unos \u00abcortos\u00bb y sus tapas correspondientes. Visitaremos el Barrio H\u00famedo, Barrio Rom\u00e1ntico y zona de [&hellip;]<\/p>\n","protected":false},"author":1,"featured_media":0,"parent":0,"menu_order":0,"comment_status":"closed","ping_status":"closed","template":"","meta":{"om_disable_all_campaigns":false,"_monsterinsights_skip_tracking":false,"_monsterinsights_sitenote_active":false,"_monsterinsights_sitenote_note":"","_monsterinsights_sitenote_category":0,"footnotes":""},"class_list":["post-59","page","type-page","status-publish","hentry"],"aioseo_notices":[],"_links":{"self":[{"href":"https:\/\/iikdd.clubrav4.es\/index.php\/wp-json\/wp\/v2\/pages\/59","targetHints":{"allow":["GET"]}}],"collection":[{"href":"https:\/\/iikdd.clubrav4.es\/index.php\/wp-json\/wp\/v2\/pages"}],"about":[{"href":"https:\/\/iikdd.clubrav4.es\/index.php\/wp-json\/wp\/v2\/types\/page"}],"author":[{"embeddable":true,"href":"https:\/\/iikdd.clubrav4.es\/index.php\/wp-json\/wp\/v2\/users\/1"}],"replies":[{"embeddable":true,"href":"https:\/\/iikdd.clubrav4.es\/index.php\/wp-json\/wp\/v2\/comments?post=59"}],"version-history":[{"count":21,"href":"https:\/\/iikdd.clubrav4.es\/index.php\/wp-json\/wp\/v2\/pages\/59\/revisions"}],"predecessor-version":[{"id":102,"href":"https:\/\/iikdd.clubrav4.es\/index.php\/wp-json\/wp\/v2\/pages\/59\/revisions\/102"}],"wp:attachment":[{"href":"https:\/\/iikdd.clubrav4.es\/index.php\/wp-json\/wp\/v2\/media?parent=59"}],"curies":[{"name":"wp","href":"https:\/\/api.w.org\/{rel}","templated":true}]}}